{"id":269,"date":"2023-03-15T14:02:27","date_gmt":"2023-03-15T13:02:27","guid":{"rendered":"https:\/\/paillettesetchocolat.ch\/?page_id=269"},"modified":"2026-01-12T10:53:29","modified_gmt":"2026-01-12T09:53:29","slug":"demander-un-atelier-pour-enfants","status":"publish","type":"page","link":"https:\/\/paillettesetchocolat.ch\/index.php\/demander-un-atelier-pour-enfants\/","title":{"rendered":"Atelier \u00ab\u00a0macarons\u00a0\u00bb enfants"},"content":{"rendered":"\n<p>J&rsquo;organise avec plaisir des ateliers pour enfants (&lt;12 ans) sur demande.<\/p>\n\n\n\n<p>Le forfait est de 200.- pour env. 3 heures, jusqu&rsquo;\u00e0 5 enfants (&lt; 12 ans). Pour un groupe plus grand, il faut ajouter 25.-\/ enfant jusqu&rsquo;\u00e0 un maximum de 18 enfants (sans accompagnant pendant l&rsquo;atelier).<\/p>\n\n\n\n<figure style=\"padding-top:var(--wp--preset--spacing--30);padding-right:var(--wp--preset--spacing--80);padding-bottom:var(--wp--preset--spacing--30);padding-left:var(--wp--preset--spacing--80)\" class=\"wp-block-table has-small-font-size\"><table style=\"border-width:1px\"><thead><tr><th>Nombre d&rsquo;enfants<\/th><th>Prix<\/th><\/tr><\/thead><tbody><tr><td>Jusqu&rsquo;\u00e0 5 enfants<\/td><td>200.-<\/td><\/tr><tr><td>6 enfants<\/td><td>225.-<\/td><\/tr><tr><td>7 enfants<\/td><td>250.-<\/td><\/tr><tr><td>8 enfants<\/td><td>275.-<\/td><\/tr><tr><td>9 enfants<\/td><td>300.-<\/td><\/tr><tr><td>10 enfants<\/td><td>325.-<\/td><\/tr><tr><td>&#8230; jusqu&rsquo;\u00e0 18 enfants<\/td><td>25.- par enfant suppl\u00e9mentaire<\/td><\/tr><\/tbody><\/table><\/figure>\n\n\n\n<p><strong>Le forfait comprend :<br><\/strong>&#8211; Pr\u00e9paration de diverses ganaches par les enfants<br>&#8211; Pr\u00e9paration des coques<br>&#8211; Assemblage et d\u00e9coration des coques<br>&#8211; Boissons incluses<br>&#8211; Chaque enfants repart avec env. 15 macarons<br>Pour les d\u00e9tails et modalit\u00e9s, merci de nous contacter.<\/p>\n\n\n\n<p>Pour plus d\u2019informations, merci de compl\u00e9ter le formulaire ci-dessous ou de nous envoyer un message au 076 476 78 20.<\/p>\n\n\n\n<div class=\"wp-block-contact-form-7-contact-form-selector\">\n<div class=\"wpcf7 no-js\" id=\"wpcf7-f274-o1\" lang=\"fr-FR\" dir=\"ltr\" data-wpcf7-id=\"274\">\n<div class=\"screen-reader-response\"><p role=\"status\" aria-live=\"polite\" aria-atomic=\"true\"><\/p> <ul><\/ul><\/div>\n<form action=\"\/index.php\/wp-json\/wp\/v2\/pages\/269#wpcf7-f274-o1\" method=\"post\" class=\"wpcf7-form init\" aria-label=\"Formulaire de contact\" novalidate=\"novalidate\" data-status=\"init\">\n<fieldset class=\"hidden-fields-container\"><input type=\"hidden\" name=\"_wpcf7\" value=\"274\" \/><input type=\"hidden\" name=\"_wpcf7_version\" value=\"6.1.4\" \/><input type=\"hidden\" name=\"_wpcf7_locale\" value=\"fr_FR\" \/><input type=\"hidden\" name=\"_wpcf7_unit_tag\" value=\"wpcf7-f274-o1\" \/><input type=\"hidden\" name=\"_wpcf7_container_post\" value=\"0\" \/><input type=\"hidden\" name=\"_wpcf7_posted_data_hash\" value=\"\" \/><input type=\"hidden\" name=\"_wpcf7cf_hidden_group_fields\" value=\"[]\" \/><input type=\"hidden\" name=\"_wpcf7cf_hidden_groups\" value=\"[]\" \/><input type=\"hidden\" name=\"_wpcf7cf_visible_groups\" value=\"[]\" \/><input type=\"hidden\" name=\"_wpcf7cf_repeaters\" value=\"[]\" \/><input type=\"hidden\" name=\"_wpcf7cf_steps\" value=\"{}\" \/><input type=\"hidden\" name=\"_wpcf7cf_options\" value=\"{&quot;form_id&quot;:274,&quot;conditions&quot;:[],&quot;settings&quot;:{&quot;animation&quot;:&quot;yes&quot;,&quot;animation_intime&quot;:200,&quot;animation_outtime&quot;:200,&quot;conditions_ui&quot;:&quot;normal&quot;,&quot;notice_dismissed&quot;:false}}\" \/><input type=\"hidden\" name=\"_wpcf7_recaptcha_response\" value=\"\" \/>\n<\/fieldset>\n<label> Votre nom et pr\u00e9nom\n    <span class=\"wpcf7-form-control-wrap\" data-name=\"your-name\"><input size=\"40\" maxlength=\"400\" class=\"wpcf7-form-control wpcf7-text wpcf7-validates-as-required\" aria-required=\"true\" aria-invalid=\"false\" value=\"\" type=\"text\" name=\"your-name\" \/><\/span> <\/label>\n\n<label> Votre e-mail\n    <span class=\"wpcf7-form-control-wrap\" data-name=\"your-email\"><input size=\"40\" maxlength=\"400\" class=\"wpcf7-form-control wpcf7-email wpcf7-validates-as-required wpcf7-text wpcf7-validates-as-email\" aria-required=\"true\" aria-invalid=\"false\" value=\"\" type=\"email\" name=\"your-email\" \/><\/span> <\/label>\n\n<label> Votre n\u00b0 de t\u00e9l\u00e9phone\n<span class=\"wpcf7-form-control-wrap\" data-name=\"tel-133\"><input size=\"40\" maxlength=\"400\" class=\"wpcf7-form-control wpcf7-tel wpcf7-validates-as-required wpcf7-text wpcf7-validates-as-tel\" aria-required=\"true\" aria-invalid=\"false\" value=\"\" type=\"tel\" name=\"tel-133\" \/><\/span> <\/label>\n\n<label> Votre demande\n    <span class=\"wpcf7-form-control-wrap\" data-name=\"your-message\"><textarea cols=\"40\" rows=\"10\" maxlength=\"2000\" class=\"wpcf7-form-control wpcf7-textarea\" aria-invalid=\"false\" name=\"your-message\"><\/textarea><\/span> <\/label>\n\n<input class=\"wpcf7-form-control wpcf7-submit has-spinner\" type=\"submit\" value=\"Envoyer\" \/><input type='hidden' class='wpcf7-pum' value='{\"closepopup\":false,\"closedelay\":0,\"openpopup\":false,\"openpopup_id\":0}' \/><div class=\"wpcf7-response-output\" aria-hidden=\"true\"><\/div>\n<\/form>\n<\/div>\n<\/div>\n","protected":false},"excerpt":{"rendered":"<p>J&rsquo;organise avec plaisir des ateliers pour enfants (&lt;12 ans) sur demande. Le forfait est de 200.- pour env. 3 heures, jusqu&rsquo;\u00e0 5 enfants (&lt; 12 ans). Pour un groupe plus grand, il faut ajouter 25.-\/ enfant jusqu&rsquo;\u00e0 un maximum de 18 enfants (sans accompagnant pendant l&rsquo;atelier). Nombre d&rsquo;enfants Prix Jusqu&rsquo;\u00e0 5 enfants 200.- 6 enfants &hellip;<\/p>\n<p class=\"read-more\"> <a class=\"\" href=\"https:\/\/paillettesetchocolat.ch\/index.php\/demander-un-atelier-pour-enfants\/\"> <span class=\"screen-reader-text\">Atelier \u00ab\u00a0macarons\u00a0\u00bb enfants<\/span> Lire la suite\u00a0\u00bb<\/a><\/p>\n","protected":false},"author":1,"featured_media":0,"parent":0,"menu_order":0,"comment_status":"closed","ping_status":"closed","template":"","meta":{"site-sidebar-layout":"default","site-content-layout":"default","ast-global-header-display":"","ast-main-header-display":"","ast-hfb-above-header-display":"","ast-hfb-below-header-display":"","ast-hfb-mobile-header-display":"","site-post-title":"","ast-breadcrumbs-content":"","ast-featured-img":"","footer-sml-layout":"","theme-transparent-header-meta":"","adv-header-id-meta":"","stick-header-meta":"","header-above-stick-meta":"","header-main-stick-meta":"","header-below-stick-meta":"","footnotes":""},"class_list":["post-269","page","type-page","status-publish","hentry"],"yoast_head":"<!-- This site is optimized with the Yoast SEO plugin v26.3 - https:\/\/yoast.com\/wordpress\/plugins\/seo\/ -->\n<title>Atelier &quot;macarons&quot; enfants - Paillettes et Chocolat<\/title>\n<meta name=\"robots\" content=\"index, follow, max-snippet:-1, max-image-preview:large, max-video-preview:-1\" \/>\n<link rel=\"canonical\" href=\"https:\/\/paillettesetchocolat.ch\/index.php\/demander-un-atelier-pour-enfants\/\" \/>\n<meta property=\"og:locale\" content=\"fr_FR\" \/>\n<meta property=\"og:type\" content=\"article\" \/>\n<meta property=\"og:title\" content=\"Atelier &quot;macarons&quot; enfants - Paillettes et Chocolat\" \/>\n<meta property=\"og:description\" content=\"J&rsquo;organise avec plaisir des ateliers pour enfants (&lt;12 ans) sur demande. Le forfait est de 200.- pour env. 3 heures, jusqu&rsquo;\u00e0 5 enfants (&lt; 12 ans). Pour un groupe plus grand, il faut ajouter 25.-\/ enfant jusqu&rsquo;\u00e0 un maximum de 18 enfants (sans accompagnant pendant l&rsquo;atelier). Nombre d&rsquo;enfants Prix Jusqu&rsquo;\u00e0 5 enfants 200.- 6 enfants &hellip; Atelier \u00ab\u00a0macarons\u00a0\u00bb enfants Lire la suite\u00a0\u00bb\" \/>\n<meta property=\"og:url\" content=\"https:\/\/paillettesetchocolat.ch\/index.php\/demander-un-atelier-pour-enfants\/\" \/>\n<meta property=\"og:site_name\" content=\"Paillettes et Chocolat\" \/>\n<meta property=\"article:publisher\" content=\"https:\/\/www.facebook.com\/profile.php?id=100086431802984\" \/>\n<meta property=\"article:modified_time\" content=\"2026-01-12T09:53:29+00:00\" \/>\n<meta name=\"twitter:card\" content=\"summary_large_image\" \/>\n<meta name=\"twitter:label1\" content=\"Dur\u00e9e de lecture estim\u00e9e\" \/>\n\t<meta name=\"twitter:data1\" content=\"1 minute\" \/>\n<script type=\"application\/ld+json\" class=\"yoast-schema-graph\">{\"@context\":\"https:\/\/schema.org\",\"@graph\":[{\"@type\":\"WebPage\",\"@id\":\"https:\/\/paillettesetchocolat.ch\/index.php\/demander-un-atelier-pour-enfants\/\",\"url\":\"https:\/\/paillettesetchocolat.ch\/index.php\/demander-un-atelier-pour-enfants\/\",\"name\":\"Atelier \\\"macarons\\\" enfants - Paillettes et Chocolat\",\"isPartOf\":{\"@id\":\"https:\/\/paillettesetchocolat.ch\/#website\"},\"datePublished\":\"2023-03-15T13:02:27+00:00\",\"dateModified\":\"2026-01-12T09:53:29+00:00\",\"breadcrumb\":{\"@id\":\"https:\/\/paillettesetchocolat.ch\/index.php\/demander-un-atelier-pour-enfants\/#breadcrumb\"},\"inLanguage\":\"fr-FR\",\"potentialAction\":[{\"@type\":\"ReadAction\",\"target\":[\"https:\/\/paillettesetchocolat.ch\/index.php\/demander-un-atelier-pour-enfants\/\"]}]},{\"@type\":\"BreadcrumbList\",\"@id\":\"https:\/\/paillettesetchocolat.ch\/index.php\/demander-un-atelier-pour-enfants\/#breadcrumb\",\"itemListElement\":[{\"@type\":\"ListItem\",\"position\":1,\"name\":\"Accueil\",\"item\":\"https:\/\/paillettesetchocolat.ch\/\"},{\"@type\":\"ListItem\",\"position\":2,\"name\":\"Atelier \u00ab\u00a0macarons\u00a0\u00bb enfants\"}]},{\"@type\":\"WebSite\",\"@id\":\"https:\/\/paillettesetchocolat.ch\/#website\",\"url\":\"https:\/\/paillettesetchocolat.ch\/\",\"name\":\"Paillettes et Chocolat\",\"description\":\"Du plaisir pour les yeux et les papilles !\",\"publisher\":{\"@id\":\"https:\/\/paillettesetchocolat.ch\/#organization\"},\"potentialAction\":[{\"@type\":\"SearchAction\",\"target\":{\"@type\":\"EntryPoint\",\"urlTemplate\":\"https:\/\/paillettesetchocolat.ch\/?s={search_term_string}\"},\"query-input\":{\"@type\":\"PropertyValueSpecification\",\"valueRequired\":true,\"valueName\":\"search_term_string\"}}],\"inLanguage\":\"fr-FR\"},{\"@type\":\"Organization\",\"@id\":\"https:\/\/paillettesetchocolat.ch\/#organization\",\"name\":\"Paillettes et Chocolat\",\"url\":\"https:\/\/paillettesetchocolat.ch\/\",\"logo\":{\"@type\":\"ImageObject\",\"inLanguage\":\"fr-FR\",\"@id\":\"https:\/\/paillettesetchocolat.ch\/#\/schema\/logo\/image\/\",\"url\":\"https:\/\/i0.wp.com\/paillettesetchocolat.ch\/wp-content\/uploads\/2022\/10\/Logo_site.png?fit=180%2C60&ssl=1\",\"contentUrl\":\"https:\/\/i0.wp.com\/paillettesetchocolat.ch\/wp-content\/uploads\/2022\/10\/Logo_site.png?fit=180%2C60&ssl=1\",\"width\":180,\"height\":60,\"caption\":\"Paillettes et Chocolat\"},\"image\":{\"@id\":\"https:\/\/paillettesetchocolat.ch\/#\/schema\/logo\/image\/\"},\"sameAs\":[\"https:\/\/www.facebook.com\/profile.php?id=100086431802984\"]}]}<\/script>\n<!-- \/ Yoast SEO plugin. -->","yoast_head_json":{"title":"Atelier \"macarons\" enfants - Paillettes et Chocolat","robots":{"index":"index","follow":"follow","max-snippet":"max-snippet:-1","max-image-preview":"max-image-preview:large","max-video-preview":"max-video-preview:-1"},"canonical":"https:\/\/paillettesetchocolat.ch\/index.php\/demander-un-atelier-pour-enfants\/","og_locale":"fr_FR","og_type":"article","og_title":"Atelier \"macarons\" enfants - Paillettes et Chocolat","og_description":"J&rsquo;organise avec plaisir des ateliers pour enfants (&lt;12 ans) sur demande. Le forfait est de 200.- pour env. 3 heures, jusqu&rsquo;\u00e0 5 enfants (&lt; 12 ans). Pour un groupe plus grand, il faut ajouter 25.-\/ enfant jusqu&rsquo;\u00e0 un maximum de 18 enfants (sans accompagnant pendant l&rsquo;atelier). Nombre d&rsquo;enfants Prix Jusqu&rsquo;\u00e0 5 enfants 200.- 6 enfants &hellip; Atelier \u00ab\u00a0macarons\u00a0\u00bb enfants Lire la suite\u00a0\u00bb","og_url":"https:\/\/paillettesetchocolat.ch\/index.php\/demander-un-atelier-pour-enfants\/","og_site_name":"Paillettes et Chocolat","article_publisher":"https:\/\/www.facebook.com\/profile.php?id=100086431802984","article_modified_time":"2026-01-12T09:53:29+00:00","twitter_card":"summary_large_image","twitter_misc":{"Dur\u00e9e de lecture estim\u00e9e":"1 minute"},"schema":{"@context":"https:\/\/schema.org","@graph":[{"@type":"WebPage","@id":"https:\/\/paillettesetchocolat.ch\/index.php\/demander-un-atelier-pour-enfants\/","url":"https:\/\/paillettesetchocolat.ch\/index.php\/demander-un-atelier-pour-enfants\/","name":"Atelier \"macarons\" enfants - Paillettes et Chocolat","isPartOf":{"@id":"https:\/\/paillettesetchocolat.ch\/#website"},"datePublished":"2023-03-15T13:02:27+00:00","dateModified":"2026-01-12T09:53:29+00:00","breadcrumb":{"@id":"https:\/\/paillettesetchocolat.ch\/index.php\/demander-un-atelier-pour-enfants\/#breadcrumb"},"inLanguage":"fr-FR","potentialAction":[{"@type":"ReadAction","target":["https:\/\/paillettesetchocolat.ch\/index.php\/demander-un-atelier-pour-enfants\/"]}]},{"@type":"BreadcrumbList","@id":"https:\/\/paillettesetchocolat.ch\/index.php\/demander-un-atelier-pour-enfants\/#breadcrumb","itemListElement":[{"@type":"ListItem","position":1,"name":"Accueil","item":"https:\/\/paillettesetchocolat.ch\/"},{"@type":"ListItem","position":2,"name":"Atelier \u00ab\u00a0macarons\u00a0\u00bb enfants"}]},{"@type":"WebSite","@id":"https:\/\/paillettesetchocolat.ch\/#website","url":"https:\/\/paillettesetchocolat.ch\/","name":"Paillettes et Chocolat","description":"Du plaisir pour les yeux et les papilles !","publisher":{"@id":"https:\/\/paillettesetchocolat.ch\/#organization"},"potentialAction":[{"@type":"SearchAction","target":{"@type":"EntryPoint","urlTemplate":"https:\/\/paillettesetchocolat.ch\/?s={search_term_string}"},"query-input":{"@type":"PropertyValueSpecification","valueRequired":true,"valueName":"search_term_string"}}],"inLanguage":"fr-FR"},{"@type":"Organization","@id":"https:\/\/paillettesetchocolat.ch\/#organization","name":"Paillettes et Chocolat","url":"https:\/\/paillettesetchocolat.ch\/","logo":{"@type":"ImageObject","inLanguage":"fr-FR","@id":"https:\/\/paillettesetchocolat.ch\/#\/schema\/logo\/image\/","url":"https:\/\/i0.wp.com\/paillettesetchocolat.ch\/wp-content\/uploads\/2022\/10\/Logo_site.png?fit=180%2C60&ssl=1","contentUrl":"https:\/\/i0.wp.com\/paillettesetchocolat.ch\/wp-content\/uploads\/2022\/10\/Logo_site.png?fit=180%2C60&ssl=1","width":180,"height":60,"caption":"Paillettes et Chocolat"},"image":{"@id":"https:\/\/paillettesetchocolat.ch\/#\/schema\/logo\/image\/"},"sameAs":["https:\/\/www.facebook.com\/profile.php?id=100086431802984"]}]}},"jetpack_sharing_enabled":true,"_links":{"self":[{"href":"https:\/\/paillettesetchocolat.ch\/index.php\/wp-json\/wp\/v2\/pages\/269","targetHints":{"allow":["GET"]}}],"collection":[{"href":"https:\/\/paillettesetchocolat.ch\/index.php\/wp-json\/wp\/v2\/pages"}],"about":[{"href":"https:\/\/paillettesetchocolat.ch\/index.php\/wp-json\/wp\/v2\/types\/page"}],"author":[{"embeddable":true,"href":"https:\/\/paillettesetchocolat.ch\/index.php\/wp-json\/wp\/v2\/users\/1"}],"replies":[{"embeddable":true,"href":"https:\/\/paillettesetchocolat.ch\/index.php\/wp-json\/wp\/v2\/comments?post=269"}],"version-history":[{"count":15,"href":"https:\/\/paillettesetchocolat.ch\/index.php\/wp-json\/wp\/v2\/pages\/269\/revisions"}],"predecessor-version":[{"id":890,"href":"https:\/\/paillettesetchocolat.ch\/index.php\/wp-json\/wp\/v2\/pages\/269\/revisions\/890"}],"wp:attachment":[{"href":"https:\/\/paillettesetchocolat.ch\/index.php\/wp-json\/wp\/v2\/media?parent=269"}],"curies":[{"name":"wp","href":"https:\/\/api.w.org\/{rel}","templated":true}]}}